{"id":435,"date":"2024-07-04T10:35:45","date_gmt":"2024-07-04T15:35:45","guid":{"rendered":"https:\/\/luxurypoolsfl.com\/?post_type=product&#038;p=435"},"modified":"2025-10-13T00:26:23","modified_gmt":"2025-10-13T05:26:23","slug":"the-astoria-collection","status":"publish","type":"product","link":"https:\/\/luxurypoolsfl.com\/es\/producto\/the-astoria-collection\/","title":{"rendered":"Astoria"},"content":{"rendered":"<div id=\"accordion-0\" class=\"accordion\">\n<div class=\"accordion__item\">\n<div id=\"collapseThree-0\" class=\"accordion__body collapse show\" aria-labelledby=\"accordion-heading--0\" data-parent=\"#accordion-0\">\n<div class=\"accordion__body_inner\">\n<div class=\"section__body clearfix\">\n<div class=\"section__body clearfix\">\n<div class=\"section__body clearfix\">\n<div class=\"section__body clearfix\">\n<div class=\"row isotope colors\">\n<div class=\"product-card col-4 col-sm-4 col-md-4 col-xl-4 liberty select grand grand-fl select-fl grand-canada fiberglass-colors crystite-crystal light-tranquil\">\n<div class=\"product-card__outer-wrap\">\n<div class=\"product-card__image-wrap\">\n<div class=\"product-card__image active\">\n<div class=\"col-12 col-md-12 col-xl-12 fiberglass-tiles colorSwatches\">\n<div class=\"product-cards w-100\">\n<div class=\"row\">\n<div class=\"inner-wrap FGswatchesColors col-sm-12 col-md-5 col-xl-5\">\n<div class=\"row isotope colors\">\n<div class=\"product-card col-4 col-sm-4 col-md-4 col-xl-4 grand-canada select-fl liberty select grand grand-fl fiberglass-colors crystite-crystal deep-dramatic\">\n<div class=\"product-card__outer-wrap\">\n<div class=\"product-card__image-wrap\">\n<div class=\"product-card__image active\"><\/div>\n<\/div>\n<\/div>\n<\/div>\n<div class=\"product-card col-4 col-sm-4 col-md-4 col-xl-4 liberty select grand grand-fl select-fl grand-canada fiberglass-colors crystite-crystal light-tranquil\">\n<div class=\"product-card__outer-wrap\">\n<div class=\"product-card__image-wrap\">\n<div class=\"product-card__image\"><\/div>\n<\/div>\n<\/div>\n<\/div>\n<div class=\"product-card col-4 col-sm-4 col-md-4 col-xl-4 grand-canada select-fl grand-fl grand select liberty fiberglass-colors crystite-crystal light-tranquil\">\n<div class=\"product-card__outer-wrap\">\n<div class=\"product-card__image-wrap\">\n<div class=\"product-card__image\"><\/div>\n<\/div>\n<\/div>\n<\/div>\n<div class=\"product-card col-4 col-sm-4 col-md-4 col-xl-4 liberty select grand grand-fl select-fl grand-canada fiberglass-colors crystite-crystal light-tranquil\">\n<div class=\"product-card__outer-wrap\">\n<div class=\"product-card__image-wrap\">\n<div class=\"product-card__image\"><\/div>\n<\/div>\n<\/div>\n<\/div>\n<div class=\"product-card col-4 col-sm-4 col-md-4 col-xl-4 liberty select grand grand-fl select-fl grand-canada fiberglass-colors crystite-classic light-tranquil\">\n<div class=\"product-card__outer-wrap\">\n<div class=\"product-card__image-wrap\">\n<div class=\"product-card__image\"><\/div>\n<\/div>\n<\/div>\n<\/div>\n<div class=\"product-card col-4 col-sm-4 col-md-4 col-xl-4 grand-canada liberty select grand grand-fl select-fl fiberglass-colors crystite-classic rich-vibrant\">\n<div class=\"product-card__outer-wrap\">\n<div class=\"product-card__image-wrap\">\n<div class=\"product-card__image\"><\/div>\n<\/div>\n<\/div>\n<\/div>\n<div class=\"product-card col-4 col-sm-4 col-md-4 col-xl-4 liberty select grand grand-fl select-fl grand-canada fiberglass-colors crystite-classic deep-dramatic\">\n<div class=\"product-card__outer-wrap\">\n<div class=\"product-card__image-wrap\">\n<div class=\"product-card__image\"><\/div>\n<\/div>\n<\/div>\n<\/div>\n<div class=\"product-card col-4 col-sm-4 col-md-4 col-xl-4 liberty select grand grand-fl select-fl grand-canada fiberglass-colors crystite-classic deep-dramatic\">\n<div class=\"product-card__outer-wrap\">\n<div class=\"product-card__image-wrap\">\n<div class=\"product-card__image\"><\/div>\n<\/div>\n<\/div>\n<\/div>\n<div class=\"product-card col-4 col-sm-4 col-md-4 col-xl-4 grand-fl liberty select grand select-fl grand-canada fiberglass-colors crystite-classic light-tranquil\">\n<div class=\"product-card__outer-wrap\">\n<div class=\"product-card__image-wrap\">\n<div class=\"product-card__image\"><\/div>\n<\/div>\n<\/div>\n<\/div>\n<\/div>\n<div class=\"button-list single-product-buttons\"><\/div>\n<\/div>\n<div class=\"inner-wrap main col-sm-12 col-md-7 col-xl-7\">\n<div class=\"image-replace fiberglass-pools-module\">\n<div class=\"owl-carousel slider-common owl-loaded owl-drag\">\n<div class=\"owl-stage-outer\">\n<div class=\"owl-stage\">\n<div class=\"owl-item cloned\">\n<div class=\"slider-common_item pool-image new\"><\/div>\n<\/div>\n<\/div>\n<\/div>\n<div class=\"owl-nav\"><\/div>\n<div class=\"owl-dots\"><\/div>\n<\/div>\n<\/div>\n<\/div>\n<\/div>\n<\/div>\n<\/div>\n<div class=\"col-12 col-md-12 col-xl-12 fiberglass-tiles tileSwatches\">\n<div class=\"product-cards w-100\">\n<div class=\"row\">\n<div class=\"inner-wrap FGswatchesTiles col-sm-12 col-md-5 col-xl-5\"><\/div>\n<\/div>\n<\/div>\n<\/div>\n<\/div>\n<\/div>\n<\/div>\n<\/div>\n<\/div>\n<\/div>\n<div>\n<div class=\"col-12 col-md-12 col-xl-12 fiberglass-tiles colorSwatches\">\n<div class=\"product-cards w-100\">\n<div class=\"row\">\n<div class=\"inner-wrap FGswatchesColors col-sm-12 col-md-5 col-xl-5\">\n<div class=\"row isotope colors\">\n<div class=\"product-card col-4 col-sm-4 col-md-4 col-xl-4 liberty select grand grand-fl select-fl grand-canada fiberglass-colors crystite-crystal light-tranquil\">\n<div class=\"product-card__outer-wrap\">\n<div class=\"product-card__image-wrap\">\n<div class=\"product-card__image\"><\/div>\n<\/div>\n<\/div>\n<\/div>\n<div class=\"product-card col-4 col-sm-4 col-md-4 col-xl-4 grand-canada select-fl liberty select grand grand-fl fiberglass-colors crystite-crystal deep-dramatic\">\n<div class=\"product-card__outer-wrap\">\n<div class=\"product-card__image-wrap\">\n<div class=\"product-card__image active\"><\/div>\n<\/div>\n<\/div>\n<\/div>\n<div class=\"product-card col-4 col-sm-4 col-md-4 col-xl-4 liberty select grand grand-fl select-fl grand-canada fiberglass-colors crystite-crystal light-tranquil\">\n<div class=\"product-card__outer-wrap\">\n<div class=\"product-card__image-wrap\">\n<div class=\"product-card__image\"><\/div>\n<\/div>\n<\/div>\n<\/div>\n<div class=\"product-card col-4 col-sm-4 col-md-4 col-xl-4 grand-canada select-fl grand-fl grand select liberty fiberglass-colors crystite-crystal light-tranquil\">\n<div class=\"product-card__outer-wrap\">\n<div class=\"product-card__image-wrap\">\n<div class=\"product-card__image\"><\/div>\n<\/div>\n<\/div>\n<\/div>\n<div class=\"product-card col-4 col-sm-4 col-md-4 col-xl-4 liberty select grand grand-fl select-fl grand-canada fiberglass-colors crystite-crystal light-tranquil\">\n<div class=\"product-card__outer-wrap\">\n<div class=\"product-card__image-wrap\">\n<div class=\"product-card__image\"><\/div>\n<\/div>\n<\/div>\n<\/div>\n<div class=\"product-card col-4 col-sm-4 col-md-4 col-xl-4 liberty select grand grand-fl select-fl grand-canada fiberglass-colors crystite-classic light-tranquil\">\n<div class=\"product-card__outer-wrap\">\n<div class=\"product-card__image-wrap\">\n<div class=\"product-card__image\"><\/div>\n<\/div>\n<\/div>\n<\/div>\n<div class=\"product-card col-4 col-sm-4 col-md-4 col-xl-4 grand-canada liberty select grand grand-fl select-fl fiberglass-colors crystite-classic rich-vibrant\">\n<div class=\"product-card__outer-wrap\">\n<div class=\"product-card__image-wrap\">\n<div class=\"product-card__image\"><\/div>\n<\/div>\n<\/div>\n<\/div>\n<div class=\"product-card col-4 col-sm-4 col-md-4 col-xl-4 liberty select grand grand-fl select-fl grand-canada fiberglass-colors crystite-classic deep-dramatic\">\n<div class=\"product-card__outer-wrap\">\n<div class=\"product-card__image-wrap\">\n<div class=\"product-card__image\"><\/div>\n<\/div>\n<\/div>\n<\/div>\n<div class=\"product-card col-4 col-sm-4 col-md-4 col-xl-4 liberty select grand grand-fl select-fl grand-canada fiberglass-colors crystite-classic deep-dramatic\">\n<div class=\"product-card__outer-wrap\">\n<div class=\"product-card__image-wrap\"><\/div>\n<\/div>\n<\/div>\n<\/div>\n<\/div>\n<\/div>\n<\/div>\n<\/div>\n<\/div>\n<\/div>\n<\/div>\n<\/div>\n<\/div>\n<\/div>\n<\/div>\n<\/div>\n<p>&nbsp;<\/p>\n<p>&nbsp;<\/p>","protected":false},"excerpt":{"rendered":"<h2>Meet Our Best-Selling Astoria<\/h2>\n<p>Ahora disponible en dos tama\u00f1os, nuestro popular modelo de fibra de vidrio Astoria es una elegante piscina rectangular con un spa integrado, combinando lo mejor de ambos mundos. Hermosa y vers\u00e1til, nuestra colecci\u00f3n Astoria viene cargada de caracter\u00edsticas que todos disfrutar\u00e1n.<\/p>","protected":false},"featured_media":440,"comment_status":"open","ping_status":"closed","template":"","meta":{"_joinchat":[]},"product_brand":[],"product_cat":[27,35,22,32],"product_tag":[],"class_list":{"0":"post-435","1":"product","2":"type-product","3":"status-publish","4":"has-post-thumbnail","6":"product_cat-large-pools","7":"product_cat-rectangular","8":"product_cat-size","9":"product_cat-style","11":"first","12":"instock","13":"shipping-taxable","14":"product-type-simple"},"_links":{"self":[{"href":"https:\/\/luxurypoolsfl.com\/es\/wp-json\/wp\/v2\/product\/435","targetHints":{"allow":["GET"]}}],"collection":[{"href":"https:\/\/luxurypoolsfl.com\/es\/wp-json\/wp\/v2\/product"}],"about":[{"href":"https:\/\/luxurypoolsfl.com\/es\/wp-json\/wp\/v2\/types\/product"}],"replies":[{"embeddable":true,"href":"https:\/\/luxurypoolsfl.com\/es\/wp-json\/wp\/v2\/comments?post=435"}],"wp:featuredmedia":[{"embeddable":true,"href":"https:\/\/luxurypoolsfl.com\/es\/wp-json\/wp\/v2\/media\/440"}],"wp:attachment":[{"href":"https:\/\/luxurypoolsfl.com\/es\/wp-json\/wp\/v2\/media?parent=435"}],"wp:term":[{"taxonomy":"product_brand","embeddable":true,"href":"https:\/\/luxurypoolsfl.com\/es\/wp-json\/wp\/v2\/product_brand?post=435"},{"taxonomy":"product_cat","embeddable":true,"href":"https:\/\/luxurypoolsfl.com\/es\/wp-json\/wp\/v2\/product_cat?post=435"},{"taxonomy":"product_tag","embeddable":true,"href":"https:\/\/luxurypoolsfl.com\/es\/wp-json\/wp\/v2\/product_tag?post=435"}],"curies":[{"name":"wp","href":"https:\/\/api.w.org\/{rel}","templated":true}]}}